{"id":3447,"date":"2026-04-15T21:18:44","date_gmt":"2026-04-15T21:18:44","guid":{"rendered":"https:\/\/vmor.eu.org\/?post_type=product&#038;p=3447"},"modified":"2026-04-15T22:29:25","modified_gmt":"2026-04-15T22:29:25","slug":"vaso","status":"publish","type":"product","link":"https:\/\/vmor.eu.org\/index.php\/product\/vaso\/","title":{"rendered":"\ud83c\udfc6 Vaso T\u00e9rmico Mundialista Personalizable \u2013 Acero Inoxidable 304"},"content":{"rendered":"<p data-start=\"156\" data-end=\"317\">\u00a1Lleva tu pasi\u00f3n por el f\u00fatbol a todas partes! Nuestro vaso t\u00e9rmico inspirado en la Copa Mundial es la combinaci\u00f3n perfecta de estilo, calidad y personalizaci\u00f3n.<\/p>\n<h4 data-start=\"319\" data-end=\"354\">\u2728 Caracter\u00edsticas principales:<\/h4>\n<ul data-start=\"355\" data-end=\"702\">\n<li data-section-id=\"ecmezp\" data-start=\"355\" data-end=\"464\"><strong data-start=\"357\" data-end=\"378\">Material premium:<\/strong> Fabricado con <strong data-start=\"393\" data-end=\"417\">acero inoxidable 304<\/strong>, seguro, duradero y resistente a la corrosi\u00f3n.<\/li>\n<li data-section-id=\"13ki3cj\" data-start=\"465\" data-end=\"521\"><strong data-start=\"467\" data-end=\"487\">Capacidad ideal:<\/strong> 550 ml, perfecto para uso diario.<\/li>\n<li data-section-id=\"x7acts\" data-start=\"522\" data-end=\"606\"><strong data-start=\"524\" data-end=\"548\">Aislamiento t\u00e9rmico:<\/strong> Mantiene tus bebidas <strong data-start=\"570\" data-end=\"605\">calientes o fr\u00edas durante horas<\/strong>.<\/li>\n<li data-section-id=\"leve5f\" data-start=\"607\" data-end=\"702\"><strong data-start=\"609\" data-end=\"640\">Dise\u00f1o deportivo exclusivo:<\/strong> Decorado con personajes y elementos inspirados en el Mundial.<\/li>\n<\/ul>\n<h4 data-start=\"704\" data-end=\"740\">\ud83c\udfa8 Personalizaci\u00f3n sin l\u00edmites:<\/h4>\n<p data-start=\"741\" data-end=\"810\">Contamos con <strong data-start=\"754\" data-end=\"781\">f\u00e1brica local en M\u00e9xico<\/strong>, lo que nos permite ofrecer:<\/p>\n<ul data-start=\"811\" data-end=\"1046\">\n<li data-section-id=\"19pdg5d\" data-start=\"811\" data-end=\"882\">M\u00e1s de <strong data-start=\"820\" data-end=\"845\">50 dise\u00f1os diferentes<\/strong> relacionados con la Copa Mundial \u26bd<\/li>\n<li data-section-id=\"1banot\" data-start=\"883\" data-end=\"946\"><strong data-start=\"885\" data-end=\"912\">Impresi\u00f3n personalizada<\/strong> (logos, equipos, eventos, marcas)<\/li>\n<li data-section-id=\"1epyhyg\" data-start=\"947\" data-end=\"1015\">Amplia variedad de colores: negro, rojo, verde, azul, blanco y m\u00e1s<\/li>\n<li data-section-id=\"wevwcj\" data-start=\"1016\" data-end=\"1046\">Producci\u00f3n r\u00e1pida y flexible<\/li>\n<\/ul>\n<h4 data-start=\"1048\" data-end=\"1072\">\ud83c\uddf2\ud83c\uddfd Ventaja local:<\/h4>\n<p data-start=\"1073\" data-end=\"1109\">Al producir en M\u00e9xico, garantizamos:<\/p>\n<ul data-start=\"1110\" data-end=\"1191\">\n<li data-section-id=\"1vsslzl\" data-start=\"1110\" data-end=\"1137\">Entregas m\u00e1s r\u00e1pidas \ud83d\ude9a<\/li>\n<li data-section-id=\"uht0qf\" data-start=\"1138\" data-end=\"1166\">Mejor control de calidad<\/li>\n<li data-section-id=\"1ec3trb\" data-start=\"1167\" data-end=\"1191\">Precios competitivos<\/li>\n<\/ul>\n<h4 data-start=\"1193\" data-end=\"1220\">\ud83d\udcb0 Opciones de compra:<\/h4>\n<ul data-start=\"1221\" data-end=\"1390\">\n<li data-section-id=\"1owb8xp\" data-start=\"1221\" data-end=\"1308\"><strong data-start=\"1223\" data-end=\"1263\">Precio de venta al p\u00fablico (retail):<\/strong> ideal para tiendas y clientes individuales<\/li>\n<li data-section-id=\"1c62aqr\" data-start=\"1309\" data-end=\"1390\"><strong data-start=\"1311\" data-end=\"1345\">Precio al mayoreo (wholesale):<\/strong> descuentos especiales para pedidos grandes<\/li>\n<\/ul>\n<p data-start=\"1392\" data-end=\"1409\">\ud83d\udc49 Perfecto para:<\/p>\n<ul data-start=\"1410\" data-end=\"1502\">\n<li data-section-id=\"1uihsdk\" data-start=\"1410\" data-end=\"1432\">Tiendas de regalos<\/li>\n<li data-section-id=\"1epqcv7\" data-start=\"1433\" data-end=\"1455\">Eventos deportivos<\/li>\n<li data-section-id=\"exdl56\" data-start=\"1456\" data-end=\"1482\">Promocionales de marca<\/li>\n<li data-section-id=\"1jn2aab\" data-start=\"1483\" data-end=\"1502\">Ventas en l\u00ednea<\/li>\n<\/ul>\n<hr data-start=\"1504\" data-end=\"1507\" \/>\n<p data-start=\"1509\" data-end=\"1618\">\ud83d\udd25 <strong data-start=\"1512\" data-end=\"1618\">Haz tu pedido hoy mismo y crea tu propio vaso mundialista personalizado. \u00a1Stock limitado en temporada!<\/strong><\/p>\n","protected":false},"excerpt":{"rendered":"<p data-start=\"156\" data-end=\"317\">\u00a1Lleva tu pasi\u00f3n por el f\u00fatbol a todas partes! Nuestro vaso t\u00e9rmico inspirado en la Copa Mundial es la combinaci\u00f3n perfecta de estilo, calidad y personalizaci\u00f3n.<\/p>\n<h4 data-start=\"319\" data-end=\"354\">\u2728 Caracter\u00edsticas principales:<\/h4>\n<ul data-start=\"355\" data-end=\"702\">\n<li data-section-id=\"ecmezp\" data-start=\"355\" data-end=\"464\"><strong data-start=\"357\" data-end=\"378\">Material premium:<\/strong> Fabricado con <strong data-start=\"393\" data-end=\"417\">acero inoxidable 304<\/strong>, seguro, duradero y resistente a la corrosi\u00f3n.<\/li>\n<li data-section-id=\"13ki3cj\" data-start=\"465\" data-end=\"521\"><strong data-start=\"467\" data-end=\"487\">Capacidad ideal:<\/strong> 550 ml, perfecto para uso diario.<\/li>\n<li data-section-id=\"x7acts\" data-start=\"522\" data-end=\"606\"><strong data-start=\"524\" data-end=\"548\">Aislamiento t\u00e9rmico:<\/strong> Mantiene tus bebidas <strong data-start=\"570\" data-end=\"605\">calientes o fr\u00edas durante horas<\/strong>.<\/li>\n<li data-section-id=\"leve5f\" data-start=\"607\" data-end=\"702\"><strong data-start=\"609\" data-end=\"640\">Dise\u00f1o deportivo exclusivo:<\/strong> Decorado con personajes y elementos inspirados en el Mundial.<\/li>\n<\/ul>\n<h4 data-start=\"704\" data-end=\"740\">\ud83c\udfa8 Personalizaci\u00f3n sin l\u00edmites:<\/h4>\n<p data-start=\"741\" data-end=\"810\">Contamos con <strong data-start=\"754\" data-end=\"781\">f\u00e1brica local en M\u00e9xico<\/strong>, lo que nos permite ofrecer:<\/p>\n<ul data-start=\"811\" data-end=\"1046\">\n<li data-section-id=\"19pdg5d\" data-start=\"811\" data-end=\"882\">M\u00e1s de <strong data-start=\"820\" data-end=\"845\">50 dise\u00f1os diferentes<\/strong> relacionados con la Copa Mundial \u26bd<\/li>\n<li data-section-id=\"1banot\" data-start=\"883\" data-end=\"946\"><strong data-start=\"885\" data-end=\"912\">Impresi\u00f3n personalizada<\/strong> (logos, equipos, eventos, marcas)<\/li>\n<li data-section-id=\"1epyhyg\" data-start=\"947\" data-end=\"1015\">Amplia variedad de colores: negro, rojo, verde, azul, blanco y m\u00e1s<\/li>\n<li data-section-id=\"wevwcj\" data-start=\"1016\" data-end=\"1046\">Producci\u00f3n r\u00e1pida y flexible<\/li>\n<\/ul>\n<h4 data-start=\"1048\" data-end=\"1072\">\ud83c\uddf2\ud83c\uddfd Ventaja local:<\/h4>\n<p data-start=\"1073\" data-end=\"1109\">Al producir en M\u00e9xico, garantizamos:<\/p>\n<ul data-start=\"1110\" data-end=\"1191\">\n<li data-section-id=\"1vsslzl\" data-start=\"1110\" data-end=\"1137\">Entregas m\u00e1s r\u00e1pidas \ud83d\ude9a<\/li>\n<li data-section-id=\"uht0qf\" data-start=\"1138\" data-end=\"1166\">Mejor control de calidad<\/li>\n<li data-section-id=\"1ec3trb\" data-start=\"1167\" data-end=\"1191\">Precios competitivos<\/li>\n<\/ul>\n<h4 data-start=\"1193\" data-end=\"1220\">\ud83d\udcb0 Opciones de compra:<\/h4>\n<ul data-start=\"1221\" data-end=\"1390\">\n<li data-section-id=\"1owb8xp\" data-start=\"1221\" data-end=\"1308\"><strong data-start=\"1223\" data-end=\"1263\">Precio de venta al p\u00fablico (retail):<\/strong> ideal para tiendas y clientes individuales<\/li>\n<li data-section-id=\"1c62aqr\" data-start=\"1309\" data-end=\"1390\"><strong data-start=\"1311\" data-end=\"1345\">Precio al mayoreo (wholesale):<\/strong> descuentos especiales para pedidos grandes<\/li>\n<\/ul>\n<p data-start=\"1392\" data-end=\"1409\">\ud83d\udc49 Perfecto para:<\/p>\n<ul data-start=\"1410\" data-end=\"1502\">\n<li data-section-id=\"1uihsdk\" data-start=\"1410\" data-end=\"1432\">Tiendas de regalos<\/li>\n<li data-section-id=\"1epqcv7\" data-start=\"1433\" data-end=\"1455\">Eventos deportivos<\/li>\n<li data-section-id=\"exdl56\" data-start=\"1456\" data-end=\"1482\">Promocionales de marca<\/li>\n<li data-section-id=\"1jn2aab\" data-start=\"1483\" data-end=\"1502\">Ventas en l\u00ednea<\/li>\n<\/ul>\n<hr data-start=\"1504\" data-end=\"1507\" \/>\n<p data-start=\"1509\" data-end=\"1618\">\ud83d\udd25 <strong data-start=\"1512\" data-end=\"1618\">Haz tu pedido hoy mismo y crea tu propio vaso mundialista personalizado. \u00a1Stock limitado en temporada!<\/strong><\/p>\n","protected":false},"featured_media":3448,"comment_status":"open","ping_status":"closed","template":"","meta":[],"product_brand":[],"product_cat":[15],"product_tag":[],"class_list":{"0":"post-3447","1":"product","2":"type-product","3":"status-publish","4":"has-post-thumbnail","6":"product_cat-uncategorized","8":"first","9":"instock","10":"sale","11":"taxable","12":"shipping-taxable","13":"purchasable","14":"product-type-simple"},"tiered_pricing_type":"fixed","tiered_pricing_fixed_rules":{"24":200,"60":180,"100":160},"tiered_pricing_product_settings":{"layout":"default","base_unit_name":{"singular":null,"plural":null},"default_variation":null},"tiered_pricing_minimum_quantity":null,"tiered_pricing_roles_data":[],"tiered_pricing_percentage_rules":[],"_links":{"self":[{"href":"https:\/\/vmor.eu.org\/index.php\/wp-json\/wp\/v2\/product\/3447","targetHints":{"allow":["GET"]}}],"collection":[{"href":"https:\/\/vmor.eu.org\/index.php\/wp-json\/wp\/v2\/product"}],"about":[{"href":"https:\/\/vmor.eu.org\/index.php\/wp-json\/wp\/v2\/types\/product"}],"replies":[{"embeddable":true,"href":"https:\/\/vmor.eu.org\/index.php\/wp-json\/wp\/v2\/comments?post=3447"}],"wp:featuredmedia":[{"embeddable":true,"href":"https:\/\/vmor.eu.org\/index.php\/wp-json\/wp\/v2\/media\/3448"}],"wp:attachment":[{"href":"https:\/\/vmor.eu.org\/index.php\/wp-json\/wp\/v2\/media?parent=3447"}],"wp:term":[{"taxonomy":"product_brand","embeddable":true,"href":"https:\/\/vmor.eu.org\/index.php\/wp-json\/wp\/v2\/product_brand?post=3447"},{"taxonomy":"product_cat","embeddable":true,"href":"https:\/\/vmor.eu.org\/index.php\/wp-json\/wp\/v2\/product_cat?post=3447"},{"taxonomy":"product_tag","embeddable":true,"href":"https:\/\/vmor.eu.org\/index.php\/wp-json\/wp\/v2\/product_tag?post=3447"}],"curies":[{"name":"wp","href":"https:\/\/api.w.org\/{rel}","templated":true}]}}